{"id":7483,"date":"2026-02-10T22:18:23","date_gmt":"2026-02-10T21:18:23","guid":{"rendered":"https:\/\/www.lasagadesgares.be\/wordpress\/?page_id=7483"},"modified":"2026-02-10T23:23:56","modified_gmt":"2026-02-10T22:23:56","slug":"envoyer-une-photo","status":"publish","type":"page","link":"https:\/\/www.lasagadesgares.be\/wordpress\/envoyer-une-photo\/","title":{"rendered":"Envoyer une photo"},"content":{"rendered":"\n<div class=\"wpcf7 no-js\" id=\"wpcf7-f7482-o1\" lang=\"fr-FR\" dir=\"ltr\" data-wpcf7-id=\"7482\">\n<div class=\"screen-reader-response\"><p role=\"status\" aria-live=\"polite\" aria-atomic=\"true\"><\/p> <ul><\/ul><\/div>\n<form action=\"\/wordpress\/wp-json\/wp\/v2\/pages\/7483#wpcf7-f7482-o1\" method=\"post\" class=\"wpcf7-form init\" aria-label=\"Formulaire de contact\" enctype=\"multipart\/form-data\" novalidate=\"novalidate\" data-status=\"init\">\n<fieldset class=\"hidden-fields-container\"><input type=\"hidden\" name=\"_wpcf7\" value=\"7482\" \/><input type=\"hidden\" name=\"_wpcf7_version\" value=\"6.1.5\" \/><input type=\"hidden\" name=\"_wpcf7_locale\" value=\"fr_FR\" \/><input type=\"hidden\" name=\"_wpcf7_unit_tag\" value=\"wpcf7-f7482-o1\" \/><input type=\"hidden\" name=\"_wpcf7_container_post\" value=\"0\" \/><input type=\"hidden\" name=\"_wpcf7_posted_data_hash\" value=\"\" \/>\n<\/fieldset>\n<p>Si vous d\u00e9tenez une photo historique et originale d'une gare, d'un train ou autre infrastructure ferroviaire, vous pouvez demander sa publication sur notre site en remplissant le formulaire ci dessous.\n<\/p>\n<p><label>Votre nom et pr\u00e9nom:<br \/>\n<span class=\"wpcf7-form-control-wrap\" data-name=\"your-name\"><input size=\"40\" maxlength=\"400\" class=\"wpcf7-form-control wpcf7-text wpcf7-validates-as-required\" autocomplete=\"name\" aria-required=\"true\" aria-invalid=\"false\" value=\"\" type=\"text\" name=\"your-name\" \/><\/span><\/label>\n<\/p>\n<p><label>Votre adresses e-mail:<br \/>\n<span class=\"wpcf7-form-control-wrap\" data-name=\"your-email\"><input size=\"40\" maxlength=\"400\" class=\"wpcf7-form-control wpcf7-email wpcf7-validates-as-required wpcf7-text wpcf7-validates-as-email\" autocomplete=\"email\" aria-required=\"true\" aria-invalid=\"false\" value=\"\" type=\"email\" name=\"your-email\" \/><\/span><\/label><br \/>\n<hr \/><br \/>\n<label> S\u00e9lectionnez sur votre ordinateur le fichier JPG de la photo que vous souhaitez nous envoyer (taille max: 8 Moctets):<br \/>\n<span class=\"wpcf7-form-control-wrap\" data-name=\"file-photo\"><input size=\"40\" class=\"wpcf7-form-control wpcf7-file\" accept=\".jpg\" aria-invalid=\"false\" type=\"file\" name=\"file-photo\" \/><\/span><br \/>\n<\/label>\n<\/p>\n<p><label>Dans quelle gare (ou lieu) cette photo a t'elle \u00e9t\u00e9 prise ?<br \/>\n<span class=\"wpcf7-form-control-wrap\" data-name=\"text-gare\"><input size=\"40\" maxlength=\"400\" class=\"wpcf7-form-control wpcf7-text wpcf7-validates-as-required\" aria-required=\"true\" aria-invalid=\"false\" value=\"\" type=\"text\" name=\"text-gare\" \/><\/span><\/label>\n<\/p>\n<p><label>Quand la photo a t'elle \u00e9t\u00e9 prise (date ou ann\u00e9e) ?<br \/>\n<span class=\"wpcf7-form-control-wrap\" data-name=\"text-date\"><input size=\"40\" maxlength=\"400\" class=\"wpcf7-form-control wpcf7-text\" aria-invalid=\"false\" value=\"\" type=\"text\" name=\"text-date\" \/><\/span><\/label>\n<\/p>\n<p><label>Qui est l'auteur de la photo ?<br \/>\n<span class=\"wpcf7-form-control-wrap\" data-name=\"text-credit\"><input size=\"40\" maxlength=\"400\" class=\"wpcf7-form-control wpcf7-text\" aria-invalid=\"false\" value=\"\" type=\"text\" name=\"text-credit\" \/><\/span><\/label>\n<\/p>\n<p><label>Commmentaires (sur la photo, la demande de publication, etc...) :<br \/>\n<span class=\"wpcf7-form-control-wrap\" data-name=\"description\"><textarea cols=\"40\" rows=\"10\" maxlength=\"2000\" class=\"wpcf7-form-control wpcf7-textarea\" aria-invalid=\"false\" name=\"description\"><\/textarea><\/span> <\/label>\n<\/p>\n<p><input class=\"wpcf7-form-control wpcf7-submit has-spinner\" type=\"submit\" value=\"Envoyer\" \/>\n<\/p><div class=\"wpcf7-response-output\" aria-hidden=\"true\"><\/div>\n<\/form>\n<\/div>\n\n","protected":false},"excerpt":{"rendered":"","protected":false},"author":2,"featured_media":0,"parent":0,"menu_order":0,"comment_status":"closed","ping_status":"closed","template":"","meta":{"footnotes":""},"class_list":["post-7483","page","type-page","status-publish","hentry"],"_links":{"self":[{"href":"https:\/\/www.lasagadesgares.be\/wordpress\/wp-json\/wp\/v2\/pages\/7483","targetHints":{"allow":["GET"]}}],"collection":[{"href":"https:\/\/www.lasagadesgares.be\/wordpress\/wp-json\/wp\/v2\/pages"}],"about":[{"href":"https:\/\/www.lasagadesgares.be\/wordpress\/wp-json\/wp\/v2\/types\/page"}],"author":[{"embeddable":true,"href":"https:\/\/www.lasagadesgares.be\/wordpress\/wp-json\/wp\/v2\/users\/2"}],"replies":[{"embeddable":true,"href":"https:\/\/www.lasagadesgares.be\/wordpress\/wp-json\/wp\/v2\/comments?post=7483"}],"version-history":[{"count":2,"href":"https:\/\/www.lasagadesgares.be\/wordpress\/wp-json\/wp\/v2\/pages\/7483\/revisions"}],"predecessor-version":[{"id":7485,"href":"https:\/\/www.lasagadesgares.be\/wordpress\/wp-json\/wp\/v2\/pages\/7483\/revisions\/7485"}],"wp:attachment":[{"href":"https:\/\/www.lasagadesgares.be\/wordpress\/wp-json\/wp\/v2\/media?parent=7483"}],"curies":[{"name":"wp","href":"https:\/\/api.w.org\/{rel}","templated":true}]}}