{"id":50,"date":"2025-03-13T22:18:36","date_gmt":"2025-03-13T21:18:36","guid":{"rendered":"https:\/\/www.lasagadesgares.be\/wordpress\/?page_id=50"},"modified":"2025-11-25T14:54:43","modified_gmt":"2025-11-25T13:54:43","slug":"contact","status":"publish","type":"page","link":"https:\/\/www.lasagadesgares.be\/wordpress\/contact\/","title":{"rendered":"Contact"},"content":{"rendered":"\n<h2 class=\"wp-block-heading has-text-align-center\">Pour nous contacter<\/h2>\n\n\n\n<p class=\"has-text-align-center\">Rencontrez-nous au <a href=\"https:\/\/www.lasagadesgares.be\/wordpress\/st-ghislain-atelier\/\"><strong>Retrotrain du PFT<\/strong><\/a>, Gare de Saint-Ghislain<br>(Localisation: <a href=\"https:\/\/maps.app.goo.gl\/QXvFvUvdjhRW1FiZA\">https:\/\/maps.app.goo.gl\/QXvFvUvdjhRW1FiZA<\/a>)<br><em>(Jours d&rsquo;ouverture: mardi 9-16h &#8211; Samedi: 9-12h30 + \u00e0 l&rsquo;occasion des journ\u00e9es portes ouvertes<\/em><br><em> et des bourses d&rsquo;\u00e9change > 25\/04\/2026, 12\/09\/2026, 512\/2026)<\/em><\/p>\n\n\n\n<p class=\"has-text-align-center\">Ecrivez-nous \u00e0 l&rsquo;adresse <a href=\"mailto:retrotrain@pfttsp.be\"><strong>retrotrain@pfttsp.be<\/strong><\/a><\/p>\n\n\n<div class=\"wp-block-image\">\n<figure class=\"aligncenter size-full\"><img fetchpriority=\"high\" decoding=\"async\" width=\"400\" height=\"248\" src=\"https:\/\/www.lasagadesgares.be\/wordpress\/wp-content\/uploads\/2025\/11\/Image1.png\" alt=\"\" class=\"wp-image-3992\" srcset=\"https:\/\/www.lasagadesgares.be\/wordpress\/wp-content\/uploads\/2025\/11\/Image1.png 400w, https:\/\/www.lasagadesgares.be\/wordpress\/wp-content\/uploads\/2025\/11\/Image1-300x186.png 300w, https:\/\/www.lasagadesgares.be\/wordpress\/wp-content\/uploads\/2025\/11\/Image1-1x1.png 1w\" sizes=\"(max-width: 400px) 100vw, 400px\" \/><\/figure>\n<\/div>","protected":false},"excerpt":{"rendered":"<p>Pour nous contacter Rencontrez-nous au Retrotrain du PFT, Gare de Saint-Ghislain(Localisation: https:\/\/maps.app.goo.gl\/QXvFvUvdjhRW1FiZA)(Jours d&rsquo;ouverture: mardi 9-16h &#8211; Samedi: 9-12h30 + \u00e0 l&rsquo;occasion des journ\u00e9es portes ouvertes et des bourses d&rsquo;\u00e9change > 25\/04\/2026, 12\/09\/2026, 512\/2026) Ecrivez-nous \u00e0 l&rsquo;adresse retrotrain@pfttsp.be<\/p>\n","protected":false},"author":2,"featured_media":0,"parent":0,"menu_order":0,"comment_status":"closed","ping_status":"closed","template":"","meta":{"footnotes":""},"class_list":["post-50","page","type-page","status-publish","hentry"],"_links":{"self":[{"href":"https:\/\/www.lasagadesgares.be\/wordpress\/wp-json\/wp\/v2\/pages\/50","targetHints":{"allow":["GET"]}}],"collection":[{"href":"https:\/\/www.lasagadesgares.be\/wordpress\/wp-json\/wp\/v2\/pages"}],"about":[{"href":"https:\/\/www.lasagadesgares.be\/wordpress\/wp-json\/wp\/v2\/types\/page"}],"author":[{"embeddable":true,"href":"https:\/\/www.lasagadesgares.be\/wordpress\/wp-json\/wp\/v2\/users\/2"}],"replies":[{"embeddable":true,"href":"https:\/\/www.lasagadesgares.be\/wordpress\/wp-json\/wp\/v2\/comments?post=50"}],"version-history":[{"count":9,"href":"https:\/\/www.lasagadesgares.be\/wordpress\/wp-json\/wp\/v2\/pages\/50\/revisions"}],"predecessor-version":[{"id":4023,"href":"https:\/\/www.lasagadesgares.be\/wordpress\/wp-json\/wp\/v2\/pages\/50\/revisions\/4023"}],"wp:attachment":[{"href":"https:\/\/www.lasagadesgares.be\/wordpress\/wp-json\/wp\/v2\/media?parent=50"}],"curies":[{"name":"wp","href":"https:\/\/api.w.org\/{rel}","templated":true}]}}