{"id":3,"date":"2025-02-17T21:22:19","date_gmt":"2025-02-17T20:22:19","guid":{"rendered":"https:\/\/www.lasagadesgares.be\/wordpress\/?page_id=3"},"modified":"2025-11-25T16:07:08","modified_gmt":"2025-11-25T15:07:08","slug":"politique-de-confidentialite","status":"publish","type":"page","link":"https:\/\/www.lasagadesgares.be\/wordpress\/politique-de-confidentialite\/","title":{"rendered":"Politique de confidentialit\u00e9"},"content":{"rendered":"\n<p>Politique de confidentialit\u00e9 du site www.lasagadesgares.be<\/p>\n\n\n\n<p>Cette politique de confidentialit\u00e9 est \u00e9tablie dans le but d\u2019informer les utilisateurs du site <a href=\"http:\/\/www.lasagadesgares.be\">www.lasagadesgares.be<\/a> du groupe \u00ab&nbsp;La Saga des gares&nbsp;\u00bb des modalit\u00e9s suivantes :<\/p>\n\n\n\n<p>&#8211; Les donn\u00e9es personnelles recueillies par le site internet<\/p>\n\n\n\n<p>&#8211; L\u2019utilisation faite de ces donn\u00e9es<\/p>\n\n\n\n<p>&#8211; L\u2019acc\u00e8s \u00e0 ces donn\u00e9es<\/p>\n\n\n\n<p>&#8211; Les droits que poss\u00e8dent les utilisateurs du site<\/p>\n\n\n\n<p>&#8211; La politique li\u00e9e \u00e0 l\u2019utilisation de cookies<\/p>\n\n\n\n<p>Conform\u00e9ment au R\u00e8glement G\u00e9n\u00e9ral sur la Protection des Donn\u00e9es, cette politique de confidentialit\u00e9 est sujette aux r\u00e8glements suivants:<\/p>\n\n\n\n<p>Les donn\u00e9es personnelles sont:<\/p>\n\n\n\n<p>&#8211; trait\u00e9es de mani\u00e8re licite et transparente ;<\/p>\n\n\n\n<p>&#8211; ad\u00e9quates, pertinentes et limit\u00e9es \u00e0 ce qui est n\u00e9cessaire dans le cadre des finalit\u00e9s pour lesquelles elles sont trait\u00e9es ;<\/p>\n\n\n\n<p>&#8211; exactes, et si n\u00e9cessaires tenues \u00e0 jour. Toutes les mesures raisonnables seront prises pour corriger des donn\u00e9es incorrectes au regard de la finalit\u00e9 pour laquelle celles-si sont collect\u00e9es ;<\/p>\n\n\n\n<p>&#8211; conserv\u00e9es sous une forme permettant l\u2019identification des personnes concern\u00e9es pour une dur\u00e9e suffisante pour leur traitement ;<\/p>\n\n\n\n<p>&#8211; trait\u00e9es d\u2019une fa\u00e7on qui garantit la s\u00e9curit\u00e9 de celles-ci, y compris en ce qui concerne le traitement non-autoris\u00e9 ou illicite, la perte ou la destruction de ces donn\u00e9es, accidentelle ou volontaire.<\/p>\n\n\n\n<p>Le traitement des donn\u00e9es collect\u00e9es n\u2019est licite que si au moins l\u2019une des conditions suivantes est remplie:<\/p>\n\n\n\n<p>&#8211; la personne concern\u00e9e par les donn\u00e9es \u00e0 consenti au traitement de celles-ci pour une ou plusieurs finalit\u00e9s sp\u00e9cifiques.<\/p>\n\n\n\n<p>&#8211; le traitement des donn\u00e9es est n\u00e9cessaire \u00e0 l\u2019ex\u00e9cution d\u2019un contrat dont la personne concern\u00e9e est partie ou \u00e0 l\u2019ex\u00e9cution des mesures pr\u00e9contractuelles prises \u00e0 la demande de celui-ci<\/p>\n\n\n\n<p>&#8211; le traitement est n\u00e9cessaire \u00e0 la r\u00e9alisation d\u2019une obligation l\u00e9gale \u00e0 laquelle le responsable, [entreprise], est soumis.<\/p>\n\n\n\n<p>&#8211; Le traitement est n\u00e9cessaire \u00e0 la sauvegarde des int\u00e9r\u00eats vitaux de toute personne physique.<\/p>\n\n\n\n<p>&#8211; Le traitement est n\u00e9cessaire \u00e0 la r\u00e9alisation d\u2019une mission d\u2019int\u00e9r\u00eat public dont est investi le groupe de la Saga des Gares.<\/p>\n\n\n\n<p>&#8211; Les traitement est n\u00e9cessaire aux fins des int\u00e9r\u00eats l\u00e9gitimes poursuivis par le responsable du traitement ou par un tiers, \u00e0 moins que ne pr\u00e9valent les int\u00e9r\u00eats, libert\u00e9s ou droits fondamentaux de la personne concern\u00e9e.<\/p>\n\n\n\n<p>En utilisant le site www.lasagadesgares.be, les utilisateurs consentent \u00e0 :<\/p>\n\n\n\n<p>&#8211; toutes les conditions incluses dans la pr\u00e9sente politique de confidentialit\u00e9 ;<\/p>\n\n\n\n<p>&#8211; la collecte, l\u2019utilisation et la conservation des donn\u00e9es list\u00e9es dans la pr\u00e9sente politique de confidentialit\u00e9.<\/p>\n\n\n\n<p>Lors de la navigation du site [site internet], diff\u00e9rentes donn\u00e9es personnelles au sujet des utilisateurs sont collect\u00e9es.<\/p>\n\n\n\n<p>Aucune donn\u00e9e n\u2019est collect\u00e9e sans vous en informer au pr\u00e9alable.<\/p>\n\n\n\n<p>Les donn\u00e9es personnelles recueillies sur le site www.lasagadesgares.be ne sont collect\u00e9es et trait\u00e9es que dans le cadre des fins pr\u00e9cis\u00e9es dans la pr\u00e9sente politique de confidentialit\u00e9 et \/ ou dans les pages pertinentes du site. Les donn\u00e9es personnelles que nous collectons ne seront pas utilis\u00e9es \u00e0 d\u2019autres fins.<\/p>\n\n\n\n<p>L\u2019entreprise ne conserve pas les donn\u00e9es personnelles plus longtemps que ce qui est n\u00e9cessaire \u00e0 la r\u00e9alisation des fins pour lesquelles elles sont collect\u00e9es.<\/p>\n\n\n\n<p>Conform\u00e9ment au chapitre 3, art 12-23 du RGPD, les utilisateurs du site <a href=\"http:\/\/www.lasagadesgares.be\">www.lasagadesgares.be<\/a> ont, en ce qui concerne leurs donn\u00e9es personnelles, les droits suivants :<\/p>\n\n\n\n<p>&#8211; Droit d\u2019acc\u00e8s<\/p>\n\n\n\n<p>&#8211; Droit de rectification<\/p>\n\n\n\n<p>&#8211; Droit \u00e0 l\u2019effacement<\/p>\n\n\n\n<p>&#8211; Droit de restreindre le traitement<\/p>\n\n\n\n<p>&#8211; Droit \u00e0 la portabilit\u00e9 des donn\u00e9es<\/p>\n\n\n\n<p>&#8211; Droit d\u2019objection<\/p>\n\n\n\n<p>Afin de rester en accord avec la loi ou de refl\u00e9ter tout changement dans notre processus de gestion des donn\u00e9es personnelles, la pr\u00e9sente politique de confidentialit\u00e9 peut \u00eatre amen\u00e9e \u00e0 changer et \u00e0 \u00eatre modifi\u00e9e r\u00e9guli\u00e8rement. Il est recommand\u00e9 aux utilisateurs de v\u00e9rifier r\u00e9guli\u00e8rement cette politique afin de se tenir inform\u00e9s de notre politique en termes de collecte et de traitement de donn\u00e9es personnelles.<\/p>\n\n\n\n<h2 class=\"wp-block-heading\">M\u00e9dias<\/h2>\n\n\n\n<p>Si vous t\u00e9l\u00e9versez des images sur le site, nous vous conseillons d\u2019\u00e9viter de t\u00e9l\u00e9verser des images contenant des donn\u00e9es EXIF de coordonn\u00e9es GPS. Les personnes visitant votre site peuvent t\u00e9l\u00e9charger et extraire des donn\u00e9es de localisation depuis ces images.<\/p>\n\n\n\n<h2 class=\"wp-block-heading\">Cookies<\/h2>\n\n\n\n<p>Si vous d\u00e9posez un commentaire sur notre site, il vous sera propos\u00e9 d\u2019enregistrer votre nom, adresse e-mail et site dans des cookies. C\u2019est uniquement pour votre confort afin de ne pas avoir \u00e0 saisir ces informations si vous d\u00e9posez un autre commentaire plus tard. Ces cookies expirent au bout d\u2019un an.<\/p>\n\n\n\n<p>Si vous vous rendez sur la page de connexion, un cookie temporaire sera cr\u00e9\u00e9 afin de d\u00e9terminer si votre navigateur accepte les cookies. Il ne contient pas de donn\u00e9es personnelles et sera supprim\u00e9 automatiquement \u00e0 la fermeture de votre navigateur.<\/p>\n\n\n\n<p>Lorsque vous vous connecterez, nous mettrons en place un certain nombre de cookies pour enregistrer vos informations de connexion et vos pr\u00e9f\u00e9rences d\u2019\u00e9cran. La dur\u00e9e de vie d\u2019un cookie de connexion est de deux jours, celle d\u2019un cookie d\u2019option d\u2019\u00e9cran est d\u2019un an. Si vous cochez \u00ab&nbsp;Se souvenir de moi&nbsp;\u00bb, votre cookie de connexion sera conserv\u00e9 pendant deux semaines. Si vous vous d\u00e9connectez de votre compte, le cookie de connexion sera effac\u00e9.<\/p>\n\n\n\n<p>En modifiant ou en publiant une publication, un cookie suppl\u00e9mentaire sera enregistr\u00e9 dans votre navigateur. Ce cookie ne comprend aucune donn\u00e9e personnelle. Il indique simplement l\u2019ID de la publication que vous venez de modifier. Il expire au bout d\u2019un jour.<\/p>\n\n\n\n<h2 class=\"wp-block-heading\">Contenu embarqu\u00e9 depuis d\u2019autres sites<\/h2>\n\n\n\n<p>Les articles de ce site peuvent inclure des contenus int\u00e9gr\u00e9s (par exemple des vid\u00e9os, images, articles\u2026). Le contenu int\u00e9gr\u00e9 depuis d\u2019autres sites se comporte de la m\u00eame mani\u00e8re que si le visiteur se rendait sur cet autre site.<\/p>\n\n\n\n<p>Ces sites web pourraient collecter des donn\u00e9es sur vous, utiliser des cookies, embarquer des outils de suivis tiers, suivre vos interactions avec ces contenus embarqu\u00e9s si vous disposez d\u2019un compte connect\u00e9 sur leur site web.<\/p>\n\n\n\n<h2 class=\"wp-block-heading\">Dur\u00e9es de stockage de vos donn\u00e9es<\/h2>\n\n\n\n<p>Si vous laissez un commentaire, le commentaire et ses m\u00e9tadonn\u00e9es sont conserv\u00e9s ind\u00e9finiment. Cela permet de reconna\u00eetre et approuver automatiquement les commentaires suivants au lieu de les laisser dans la file de mod\u00e9ration.<\/p>\n\n\n\n<p>Pour les comptes qui s\u2019inscrivent sur notre site (le cas \u00e9ch\u00e9ant), nous stockons \u00e9galement les donn\u00e9es personnelles indiqu\u00e9es dans leur profil. Tous les comptes peuvent voir, modifier ou supprimer leurs informations personnelles \u00e0 tout moment (\u00e0 l\u2019exception de leur identifiant). Les gestionnaires du site peuvent aussi voir et modifier ces informations.<\/p>\n\n\n\n<h2 class=\"wp-block-heading\">Les droits que vous avez sur vos donn\u00e9es<\/h2>\n\n\n\n<p>Si vous avez un compte ou si vous avez laiss\u00e9 des commentaires sur le site, vous pouvez demander \u00e0 recevoir un fichier contenant toutes les donn\u00e9es personnelles que nous poss\u00e9dons \u00e0 votre sujet, incluant celles que vous nous avez fournies. Vous pouvez \u00e9galement demander la suppression des donn\u00e9es personnelles vous concernant. Cela ne prend pas en compte les donn\u00e9es stock\u00e9es \u00e0 des fins administratives, l\u00e9gales ou pour des raisons de s\u00e9curit\u00e9.<\/p>\n\n\n\n<p><\/p>\n","protected":false},"excerpt":{"rendered":"<p>Politique de confidentialit\u00e9 du site www.lasagadesgares.be Cette politique de confidentialit\u00e9 est \u00e9tablie dans le but d\u2019informer les utilisateurs du site www.lasagadesgares.be du groupe \u00ab&nbsp;La Saga des gares&nbsp;\u00bb des modalit\u00e9s suivantes : &#8211; Les donn\u00e9es personnelles recueillies par le site internet &#8211; L\u2019utilisation faite de ces donn\u00e9es &#8211; L\u2019acc\u00e8s \u00e0 ces donn\u00e9es &#8211; Les droits que [&hellip;]<\/p>\n","protected":false},"author":1,"featured_media":0,"parent":0,"menu_order":0,"comment_status":"closed","ping_status":"open","template":"","meta":{"footnotes":""},"class_list":["post-3","page","type-page","status-publish","hentry"],"_links":{"self":[{"href":"https:\/\/www.lasagadesgares.be\/wordpress\/wp-json\/wp\/v2\/pages\/3","targetHints":{"allow":["GET"]}}],"collection":[{"href":"https:\/\/www.lasagadesgares.be\/wordpress\/wp-json\/wp\/v2\/pages"}],"about":[{"href":"https:\/\/www.lasagadesgares.be\/wordpress\/wp-json\/wp\/v2\/types\/page"}],"author":[{"embeddable":true,"href":"https:\/\/www.lasagadesgares.be\/wordpress\/wp-json\/wp\/v2\/users\/1"}],"replies":[{"embeddable":true,"href":"https:\/\/www.lasagadesgares.be\/wordpress\/wp-json\/wp\/v2\/comments?post=3"}],"version-history":[{"count":2,"href":"https:\/\/www.lasagadesgares.be\/wordpress\/wp-json\/wp\/v2\/pages\/3\/revisions"}],"predecessor-version":[{"id":4042,"href":"https:\/\/www.lasagadesgares.be\/wordpress\/wp-json\/wp\/v2\/pages\/3\/revisions\/4042"}],"wp:attachment":[{"href":"https:\/\/www.lasagadesgares.be\/wordpress\/wp-json\/wp\/v2\/media?parent=3"}],"curies":[{"name":"wp","href":"https:\/\/api.w.org\/{rel}","templated":true}]}}