{"id":20,"date":"2025-02-17T21:50:42","date_gmt":"2025-02-17T20:50:42","guid":{"rendered":"https:\/\/www.lasagadesgares.be\/wordpress\/?page_id=20"},"modified":"2025-10-22T20:13:16","modified_gmt":"2025-10-22T18:13:16","slug":"hello","status":"publish","type":"page","link":"https:\/\/www.lasagadesgares.be\/wordpress\/hello\/","title":{"rendered":"La \u00ab\u00a0Saga des Gares\u00a0\u00bb"},"content":{"rendered":"\n<p><strong>La \u00ab\u00a0Saga des Gares\u00a0\u00bb remonte le temps des gares, des points d&rsquo;arr\u00eat, d&rsquo;hier et d&rsquo;aujourd&rsquo;hui&#8230; Des gares oubli\u00e9es, des gares existantes. Le projet s&rsquo;int\u00e8gre dans l&rsquo;association \u00ab\u00a0Patrimoine Ferroviaire et Tourisme (PFT)\u00a0\u00bb bas\u00e9e, notamment, au \u00ab\u00a0R\u00e9tro Train\u00a0\u00bb (Mus\u00e9e du Rail) en gare de Saint-Ghislain.<\/strong><\/p>\n\n\n<div class=\"wp-block-image\">\n<figure class=\"aligncenter size-full is-resized\"><img fetchpriority=\"high\" decoding=\"async\" width=\"400\" height=\"280\" src=\"https:\/\/www.lasagadesgares.be\/wordpress\/wp-content\/uploads\/2025\/05\/1Eugenejenard_ericpepin1.jpg\" alt=\"\" class=\"wp-image-554\" style=\"width:594px;height:auto\" srcset=\"https:\/\/www.lasagadesgares.be\/wordpress\/wp-content\/uploads\/2025\/05\/1Eugenejenard_ericpepin1.jpg 400w, https:\/\/www.lasagadesgares.be\/wordpress\/wp-content\/uploads\/2025\/05\/1Eugenejenard_ericpepin1-300x210.jpg 300w, https:\/\/www.lasagadesgares.be\/wordpress\/wp-content\/uploads\/2025\/05\/1Eugenejenard_ericpepin1-1x1.jpg 1w\" sizes=\"(max-width: 400px) 100vw, 400px\" \/><\/figure>\n<\/div>\n\n\n<p>Des aventures de la \u00ab&nbsp;Saga des Gares&nbsp;\u00bb jusqu\u2019aux archives du PFT\u2026 Voici les histoires de passionn\u00e9s de ces coins de vie historiques que sont les \u00ab&nbsp;quartiers de gares&nbsp;\u00bb: la petite \u00e9quipe est aujourd\u2019hui plong\u00e9e au quotidien dans le grand bain des archives du \u00ab&nbsp;R\u00e9trotrain&nbsp;\u00bb, d\u2019ores et d\u00e9j\u00e0 accessibles au public.<\/p>\n\n\n\n<p>L\u2019ancienne gare de Dour venait de perdre Marcelin, un de ses embl\u00e9matiques anciens cheminots. Il a fallu cette triste annonce pour s\u2019accrocher \u00e0 l\u2019histoire de cette station rurale, charbonni\u00e8re \u00e0 ses heures. Nous sommes en 1999. Un projet na\u00eet dans les rangs d\u2019un petit groupe de passionn\u00e9s du rail, essentiellement des cheminots, une de ces corporations qui font de leur m\u00e9tier une passion. Et vice-versa, parfois. L\u2019aventure de la \u00ab&nbsp;Saga des Gares&nbsp;\u00bb a commenc\u00e9, sans trop savoir o\u00f9 elle va, vers o\u00f9 elle va emmener cette poign\u00e9e de d\u00e9couvreurs, intr\u00e9pides explorateurs de lignes oubli\u00e9es, de gares perdues dans la nature, disparues, ferm\u00e9es, r\u00e9nov\u00e9es ou, parfois, encore en activit\u00e9. Le voyage commence sur la ligne 98 A, axe campagnard du \u00ab&nbsp;Haut-Pays&nbsp;\u00bb de Honnelles, dont le point d\u2019arr\u00eat d\u2019Angreau \u00e9tait bien connu du po\u00e8te Emile Verhaeren, r\u00e9sident local \u00e0 ses heures.<\/p>\n\n\n\n<p>De la d\u00e9couverte de cette petite ligne n\u00e9e en 1882, entre Dour et Roisin-Autreppe, est n\u00e9 un projet, celui de la \u00ab&nbsp;Saga des Gares&nbsp;\u00bb. De la 98 A, le groupe de passionn\u00e9s a r\u00e9explor\u00e9 les gares de la ligne 98 \u00ab&nbsp;du Borinage&nbsp;\u00bb, celles de la ligne 97, de la 96 et de tant d\u2019autres, d\u2019axes transfrontaliers, des lignes industrielles. Il a revisit\u00e9, redonn\u00e9 une vie \u00ab&nbsp;virtuelle&nbsp;\u00bb aux espaces de vie qu\u2019\u00e9taient les quartiers de gare, leurs caf\u00e9s, leurs restaurants, leurs \u00ab&nbsp;H\u00f4tels des Voyageurs&nbsp;\u00bb. De ce projet, qui a longtemps \u00e9t\u00e9 r\u00e9percut\u00e9 dans les pages de Sud Info (La province, Nord-Eclair) et diffus\u00e9 sur l\u2019antenne de Vivacit\u00e9 (RTBf), est n\u00e9e une v\u00e9ritable \u00ab&nbsp;Saga&nbsp;\u00bb de plus de 200 gares, de Mons-Borinage, du Nord de la France, jusqu\u2019aux confins du Tournaisis, dans les r\u00e9gions du Centre, de Namur\u2026 Il a accumul\u00e9 des dizaines de kilom\u00e8tres parcourus \u00e0 pied sur les anciennes lignes, des centaines de photos, de pages de carnets de notes, de tr\u00e8s nombreuses rencontres avec des riverains, des passionn\u00e9s, d\u2019anciens cheminots, avec les \u00e9quipes du patrimoine ferroviaire de la SNCB. Un groupe Facebook \u00e0 succ\u00e8s (<a href=\"https:\/\/www.facebook.com\/groups\/209411322192\">https:\/\/www.facebook.com\/groups\/209411322192<\/a>) en est n\u00e9! Un site internet reprenant en d\u00e9tails toute cette longue histoire sera accessible \u00e0 l\u2019automne 2025. Des livres ont aussi \u00e9t\u00e9 \u00e9dit\u00e9s aux \u00e9ditions PFT-TSP.<\/p>\n\n\n\n<p>Forte de cette d\u00e9j\u00e0 longue exp\u00e9rience de red\u00e9couverte, l\u2019\u00e9quipe de la Saga des Gares, Pierre Lemal, Marcel Vilain, Eric Cornu, pleinement int\u00e9gr\u00e9e au sein du PFT asbl, s\u2019est plong\u00e9e \u2013avec la force de l\u2019habitude- dans les archives d\u00e9sormais disponibles au \u00ab\u00a0R\u00e9trotrain\u00a0\u00bb (PFT) en gare de Saint-Ghislain. Le travail accompli, cons\u00e9quent, concerne le tri et le classement des archives disponibles sur place, soit des milliers de documents, publications (Le Rail, La Vie du Rail, En Lignes, Trans-Fer, Rail Magazine, Chemins du Rail, Journal du Chemin de Fer\u2026), annuaires, horaires, plans de gares, de raccordements priv\u00e9s, plans-patrimoine, photos\u2026 tous int\u00e9gr\u00e9s dans une nomenclature bient\u00f4t consultable par mots-cl\u00e9s sur place et via internet et dont les documents r\u00e9f\u00e9renc\u00e9s sont d\u2019ores et d\u00e9j\u00e0 consultables dans le d\u00e9partement des archives du \u00ab\u00a0R\u00e9trotrain\u00a0\u00bb \u00e0 Saint-Ghislain, chaque samedi matin et lors des journ\u00e9es portes ouvertes. Et l\u2019aventure continue!<\/p>\n\n\n\n<p><strong>L\u2019\u00e9quipe de la Saga des Gares\/PFT<\/strong><\/p>\n","protected":false},"excerpt":{"rendered":"<p>La \u00ab\u00a0Saga des Gares\u00a0\u00bb remonte le temps des gares, des points d&rsquo;arr\u00eat, d&rsquo;hier et d&rsquo;aujourd&rsquo;hui&#8230; Des gares oubli\u00e9es, des gares existantes. Le projet s&rsquo;int\u00e8gre dans l&rsquo;association \u00ab\u00a0Patrimoine Ferroviaire et Tourisme (PFT)\u00a0\u00bb bas\u00e9e, notamment, au \u00ab\u00a0R\u00e9tro Train\u00a0\u00bb (Mus\u00e9e du Rail) en gare de Saint-Ghislain. Des aventures de la \u00ab&nbsp;Saga des Gares&nbsp;\u00bb jusqu\u2019aux archives du PFT\u2026 Voici [&hellip;]<\/p>\n","protected":false},"author":1,"featured_media":554,"parent":0,"menu_order":0,"comment_status":"closed","ping_status":"closed","template":"","meta":{"footnotes":""},"class_list":["post-20","page","type-page","status-publish","has-post-thumbnail","hentry"],"_links":{"self":[{"href":"https:\/\/www.lasagadesgares.be\/wordpress\/wp-json\/wp\/v2\/pages\/20","targetHints":{"allow":["GET"]}}],"collection":[{"href":"https:\/\/www.lasagadesgares.be\/wordpress\/wp-json\/wp\/v2\/pages"}],"about":[{"href":"https:\/\/www.lasagadesgares.be\/wordpress\/wp-json\/wp\/v2\/types\/page"}],"author":[{"embeddable":true,"href":"https:\/\/www.lasagadesgares.be\/wordpress\/wp-json\/wp\/v2\/users\/1"}],"replies":[{"embeddable":true,"href":"https:\/\/www.lasagadesgares.be\/wordpress\/wp-json\/wp\/v2\/comments?post=20"}],"version-history":[{"count":22,"href":"https:\/\/www.lasagadesgares.be\/wordpress\/wp-json\/wp\/v2\/pages\/20\/revisions"}],"predecessor-version":[{"id":1649,"href":"https:\/\/www.lasagadesgares.be\/wordpress\/wp-json\/wp\/v2\/pages\/20\/revisions\/1649"}],"wp:featuredmedia":[{"embeddable":true,"href":"https:\/\/www.lasagadesgares.be\/wordpress\/wp-json\/wp\/v2\/media\/554"}],"wp:attachment":[{"href":"https:\/\/www.lasagadesgares.be\/wordpress\/wp-json\/wp\/v2\/media?parent=20"}],"curies":[{"name":"wp","href":"https:\/\/api.w.org\/{rel}","templated":true}]}}