{"id":1054,"date":"2025-09-15T15:50:16","date_gmt":"2025-09-15T13:50:16","guid":{"rendered":"https:\/\/www.lasagadesgares.be\/wordpress\/?page_id=1054"},"modified":"2025-09-18T19:16:15","modified_gmt":"2025-09-18T17:16:15","slug":"opendata-infrabel","status":"publish","type":"page","link":"https:\/\/www.lasagadesgares.be\/wordpress\/opendata-infrabel\/","title":{"rendered":"L&rsquo;Opendata d&rsquo;Infrabel"},"content":{"rendered":"\n<p><strong><a href=\"https:\/\/infrabel.be\/fr\">Infrabel<\/a><\/strong> met \u00e0 la disposition des entreprises, soci\u00e9t\u00e9s, associations&#8230; des <strong>donn\u00e9es libres d&rsquo;acc\u00e8s<\/strong>, <strong>gratuites<\/strong>, <strong>exportables<\/strong> et <strong>r\u00e9utilisables<\/strong> via son site <a href=\"https:\/\/opendata.infrabel.be\" target=\"_blank\" rel=\"noreferrer noopener\"><strong>https:\/\/opendata.infrabel.be<\/strong><\/a>.<\/p>\n\n\n\n<p><strong>Certaines de ces donn\u00e9es sont <span style=\"text-decoration: underline;\">g\u00e9olocalisables<\/span><\/strong>:<\/p>\n\n\n\n<ul class=\"wp-block-list\">\n<li>via des tableaux de donn\u00e9es accompagn\u00e9s de positions g\u00e9ographiques exprim\u00e9s en latitude et longitude<\/li>\n\n\n\n<li>via des cartographies interactives.<\/li>\n<\/ul>\n\n\n\n<p><strong>Voici les donn\u00e9es g\u00e9olocalis\u00e9es:<\/strong><\/p>\n\n\n\n<ul class=\"wp-block-list\">\n<li><a href=\"https:\/\/opendata.infrabel.be\/explore\/dataset\/lijnsecties\/information\/?disjunctive.label&amp;disjunctive.ecs_voltfreq&amp;disjunctive.ecs_maxtraincurrent&amp;disjunctive.ecs_maxstandstillcurrent&amp;disjunctive.ecs_minwireheight&amp;disjunctive.ls_id&amp;sort=ls_id&amp;location=8,50.86318,4.96857&amp;basemap=jawg.streets\" target=\"_blank\" rel=\"noreferrer noopener\">Les sections de ligne<\/a>,<\/li>\n\n\n\n<li><a href=\"https:\/\/opendata.infrabel.be\/explore\/dataset\/lijnsecties\/information\/?disjunctive.label&amp;disjunctive.ecs_voltfreq&amp;disjunctive.ecs_maxtraincurrent&amp;disjunctive.ecs_maxstandstillcurrent&amp;disjunctive.ecs_minwireheight&amp;disjunctive.ls_id&amp;sort=ls_id&amp;location=9,50.14787,5.75272&amp;basemap=jawg.streets\" target=\"_blank\" rel=\"noreferrer noopener\">Les positions g\u00e9ographiques de tous les segments de voie<\/a>,<\/li>\n\n\n\n<li><a href=\"https:\/\/opendata.infrabel.be\/explore\/dataset\/relatie-tussen-kilometerpalen-en-lijnen\/information\/?disjunctive.linecalfa&amp;disjunctive.name&amp;disjunctive.kpp_id\" target=\"_blank\" rel=\"noreferrer noopener\">Association des bornes kilom\u00e9triques et lignes principales<\/a>,<\/li>\n\n\n\n<li><a href=\"https:\/\/opendata.infrabel.be\/explore\/dataset\/maandelijkse-stiptheid-per-stopplaats\/map\/?disjunctive.classification&amp;disjunctive.installatienaam_frans&amp;basemap=jawg.light&amp;location=17,50.39109,3.91287\" target=\"_blank\" rel=\"noreferrer noopener\">Ponctualit\u00e9 mensuelle par point d&rsquo;arr\u00eat<\/a>,<\/li>\n\n\n\n<li><a href=\"https:\/\/opendata.infrabel.be\/explore\/dataset\/geoow\/information\/?disjunctive.fld_postcode_en_gemeente&amp;disjunctive.type_pn&amp;disjunctive.fld_naam_ramses\" target=\"_blank\" rel=\"noreferrer noopener\">Liste et position g\u00e9ographique des passages \u00e0 niveau<\/a>,<\/li>\n\n\n\n<li><a href=\"https:\/\/opendata.infrabel.be\/explore\/dataset\/geosporen\/table\/?disjunctive.linecalfa&amp;disjunctive.linecnum&amp;disjunctive.trackcode&amp;location=12,50.47968,3.90409&amp;basemap=jawg.streets\" target=\"_blank\" rel=\"noreferrer noopener\">Liste et position g\u00e9ographique des voies principales<\/a>,<\/li>\n\n\n\n<li><a href=\"https:\/\/opendata.infrabel.be\/explore\/dataset\/geo-etcs\/information\/?disjunctive.line_name_input&amp;disjunctive.etcs_level\" target=\"_blank\" rel=\"noreferrer noopener\">D\u00e9ploiement du syst\u00e8me ETCS sur le r\u00e9seau ferr\u00e9 Infrabel<\/a>,<\/li>\n\n\n\n<li><a href=\"https:\/\/opendata.infrabel.be\/explore\/dataset\/operationele-punten-van-het-netwerk\/information\/?disjunctive.class_fr\" target=\"_blank\" rel=\"noreferrer noopener\">Points op\u00e9rationnels du r\u00e9seau (gares)<\/a>,<\/li>\n\n\n\n<li><a href=\"https:\/\/opendata.infrabel.be\/explore\/dataset\/station_to_station\/information\/?disjunctive.stationfrom_name&amp;disjunctive.stationto_name\" target=\"_blank\" rel=\"noreferrer noopener\">Trac\u00e9s des distances entre deux gares adjacentes sur le r\u00e9seau ferr\u00e9<\/a>.<\/li>\n<\/ul>\n\n\n\n<p><\/p>\n","protected":false},"excerpt":{"rendered":"<p>Infrabel met \u00e0 la disposition des entreprises, soci\u00e9t\u00e9s, associations&#8230; des donn\u00e9es libres d&rsquo;acc\u00e8s, gratuites, exportables et r\u00e9utilisables via son site https:\/\/opendata.infrabel.be. Certaines de ces donn\u00e9es sont g\u00e9olocalisables: Voici les donn\u00e9es g\u00e9olocalis\u00e9es:<\/p>\n","protected":false},"author":2,"featured_media":571,"parent":0,"menu_order":0,"comment_status":"closed","ping_status":"closed","template":"","meta":{"footnotes":""},"class_list":["post-1054","page","type-page","status-publish","has-post-thumbnail","hentry"],"_links":{"self":[{"href":"https:\/\/www.lasagadesgares.be\/wordpress\/wp-json\/wp\/v2\/pages\/1054","targetHints":{"allow":["GET"]}}],"collection":[{"href":"https:\/\/www.lasagadesgares.be\/wordpress\/wp-json\/wp\/v2\/pages"}],"about":[{"href":"https:\/\/www.lasagadesgares.be\/wordpress\/wp-json\/wp\/v2\/types\/page"}],"author":[{"embeddable":true,"href":"https:\/\/www.lasagadesgares.be\/wordpress\/wp-json\/wp\/v2\/users\/2"}],"replies":[{"embeddable":true,"href":"https:\/\/www.lasagadesgares.be\/wordpress\/wp-json\/wp\/v2\/comments?post=1054"}],"version-history":[{"count":16,"href":"https:\/\/www.lasagadesgares.be\/wordpress\/wp-json\/wp\/v2\/pages\/1054\/revisions"}],"predecessor-version":[{"id":1072,"href":"https:\/\/www.lasagadesgares.be\/wordpress\/wp-json\/wp\/v2\/pages\/1054\/revisions\/1072"}],"wp:featuredmedia":[{"embeddable":true,"href":"https:\/\/www.lasagadesgares.be\/wordpress\/wp-json\/wp\/v2\/media\/571"}],"wp:attachment":[{"href":"https:\/\/www.lasagadesgares.be\/wordpress\/wp-json\/wp\/v2\/media?parent=1054"}],"curies":[{"name":"wp","href":"https:\/\/api.w.org\/{rel}","templated":true}]}}